{"id":23,"date":"2025-09-22T15:18:13","date_gmt":"2025-09-22T15:18:13","guid":{"rendered":"https:\/\/pluscal.eu\/?page_id=23"},"modified":"2026-02-26T10:23:06","modified_gmt":"2026-02-26T10:23:06","slug":"contacto","status":"publish","type":"page","link":"https:\/\/pluscal.eu\/index.php\/contacto\/","title":{"rendered":"CONTACTO"},"content":{"rendered":"<p>[et_pb_section fb_built=\u00bb1&#8243; custom_padding_last_edited=\u00bbon|phone\u00bb _builder_version=\u00bb4.27.4&#8243; use_background_color_gradient=\u00bbon\u00bb background_color_gradient_direction=\u00bb90deg\u00bb background_color_gradient_stops=\u00bb#002e5b 37%|rgba(0,0,0,0.23) 37%\u00bb background_color_gradient_overlays_image=\u00bbon\u00bb background_color_gradient_start=\u00bb#002e5b\u00bb background_color_gradient_start_position=\u00bb37%\u00bb background_color_gradient_end=\u00bbrgba(0,0,0,0.23)\u00bb background_color_gradient_end_position=\u00bb0%\u00bb background_image=\u00bbhttps:\/\/pluscal.eu\/wp-content\/uploads\/2025\/09\/004-PLUSCAL-INSTRUMENTS-SL-.jpg\u00bb custom_padding=\u00bb171px||171px||true|\u00bb custom_padding_tablet=\u00bb171px||171px||true|\u00bb custom_padding_phone=\u00bb69px||69px||true|false\u00bb background_last_edited=\u00bbon|phone\u00bb use_background_color_gradient_phone=\u00bbon\u00bb background_color_gradient_stops_phone=\u00bbrgba(0,46,91,0.76) 100%|rgba(0,0,0,0.23) 100%\u00bb background_image_phone=\u00bbhttps:\/\/pluscal.eu\/wp-content\/uploads\/2025\/09\/008-PLUSCAL-INSTRUMENTS-SL-.jpg\u00bb background_enable_image_phone=\u00bbon\u00bb locked=\u00bboff\u00bb global_colors_info=\u00bb{}\u00bb][et_pb_row use_custom_gutter=\u00bbon\u00bb _builder_version=\u00bb4.27.4&#8243; width=\u00bb98%\u00bb width_tablet=\u00bb90%\u00bb width_phone=\u00bb90%\u00bb width_last_edited=\u00bbon|desktop\u00bb max_width=\u00bb1170px\u00bb max_width_tablet=\u00bb90%\u00bb max_width_phone=\u00bb90%\u00bb max_width_last_edited=\u00bbon|phone\u00bb custom_padding=\u00bb21px|||||\u00bb animation_style=\u00bbfade\u00bb animation_direction=\u00bbleft\u00bb animation_duration=\u00bb1500ms\u00bb global_colors_info=\u00bb{}\u00bb][et_pb_column type=\u00bb4_4&#8243; _builder_version=\u00bb4.16&#8243; custom_padding=\u00bb|||\u00bb global_colors_info=\u00bb{}\u00bb custom_padding__hover=\u00bb|||\u00bb][et_pb_text _builder_version=\u00bb4.27.4&#8243; text_font=\u00bbPoppins||||||||\u00bb text_text_color=\u00bb#5499D4&#8243; text_font_size=\u00bb16px\u00bb text_line_height=\u00bb1.8em\u00bb header_font=\u00bbPoppins|||on|||||\u00bb header_text_align=\u00bbleft\u00bb header_text_color=\u00bb#ffffff\u00bb header_font_size=\u00bb20px\u00bb header_letter_spacing=\u00bb3px\u00bb global_colors_info=\u00bb{}\u00bb]<\/p>\n<h1><strong>PLUSCAL <\/strong>INSTRUMENTS<\/h1>\n<p>[\/et_pb_text][et_pb_divider color=\u00bb#00ffff\u00bb divider_style=\u00bbdotted\u00bb divider_weight=\u00bb1px\u00bb _builder_version=\u00bb4.27.4&#8243; max_width=\u00bb216px\u00bb custom_margin=\u00bb-23px||15px\u00bb global_colors_info=\u00bb{}\u00bb][\/et_pb_divider][et_pb_text _builder_version=\u00bb4.27.4&#8243; text_font=\u00bbPoppins||||||||\u00bb text_text_color=\u00bb#5499D4&#8243; text_font_size=\u00bb16px\u00bb text_line_height=\u00bb1.8em\u00bb header_font=\u00bbPoppins|800|||||||\u00bb header_text_align=\u00bbleft\u00bb header_text_color=\u00bb#ffffff\u00bb header_font_size=\u00bb60px\u00bb header_font_size_tablet=\u00bb40px\u00bb header_font_size_phone=\u00bb37px\u00bb header_font_size_last_edited=\u00bbon|desktop\u00bb header_line_height_tablet=\u00bb\u00bb header_line_height_phone=\u00bb1.3em\u00bb header_line_height_last_edited=\u00bbon|phone\u00bb global_colors_info=\u00bb{}\u00bb]<\/p>\n<h1>Servicios especializados<\/h1>\n<p>[\/et_pb_text][et_pb_text _builder_version=\u00bb4.27.4&#8243; text_font=\u00bbPoppins||||||||\u00bb text_text_color=\u00bb#5499D4&#8243; text_font_size=\u00bb16px\u00bb text_line_height=\u00bb1.8em\u00bb header_font=\u00bbPoppins||||||||\u00bb header_text_align=\u00bbleft\u00bb header_text_color=\u00bb#ffffff\u00bb header_font_size=\u00bb50px\u00bb custom_margin=\u00bb-31px||\u00bb header_font_size_tablet=\u00bb40px\u00bb header_font_size_phone=\u00bb29px\u00bb header_font_size_last_edited=\u00bbon|desktop\u00bb header_line_height_tablet=\u00bb\u00bb header_line_height_phone=\u00bb1.3em\u00bb header_line_height_last_edited=\u00bbon|phone\u00bb global_colors_info=\u00bb{}\u00bb]<\/p>\n<h1>en la calibraci\u00f3n de medida en situ, verificaci\u00f3n y validaci\u00f3n<\/h1>\n<p>[\/et_pb_text][et_pb_text _builder_version=\u00bb4.27.4&#8243; text_font=\u00bbPoppins||||||||\u00bb text_text_color=\u00bb#ffffff\u00bb text_line_height=\u00bb2.1em\u00bb header_font=\u00bbPoppins||||||||\u00bb header_text_align=\u00bbleft\u00bb header_text_color=\u00bb#297FCA\u00bb header_font_size=\u00bb60px\u00bb max_width=\u00bb53%\u00bb max_width_tablet=\u00bb75%\u00bb max_width_phone=\u00bb76%\u00bb max_width_last_edited=\u00bbon|desktop\u00bb custom_margin=\u00bb-14px||\u00bb custom_padding=\u00bb|||3px\u00bb global_colors_info=\u00bb{}\u00bb]<\/p>\n<p>Contamos con a\u00f1os de experiencia y empleamos\u00a0 equipos de referencia trazables\u00a0 de gran exactitud y precisi\u00f3n.<\/p>\n<p>[\/et_pb_text][\/et_pb_column][\/et_pb_row][\/et_pb_section][et_pb_section fb_built=\u00bb1&#8243; custom_padding_last_edited=\u00bbon|phone\u00bb _builder_version=\u00bb4.27.4&#8243; background_color=\u00bb#FFFFFF\u00bb background_enable_image=\u00bboff\u00bb parallax=\u00bbon\u00bb parallax_method=\u00bboff\u00bb custom_padding=\u00bb129px|0px|129px|0px|true|false\u00bb custom_padding_tablet=\u00bb129px|0px|129px|0px|true|false\u00bb custom_padding_phone=\u00bb64px||64px||true|false\u00bb global_colors_info=\u00bb{}\u00bb][et_pb_row use_custom_gutter=\u00bbon\u00bb _builder_version=\u00bb4.27.4&#8243; width=\u00bb98%\u00bb width_tablet=\u00bb90%\u00bb width_phone=\u00bb90%\u00bb width_last_edited=\u00bbon|desktop\u00bb max_width=\u00bb1170px\u00bb max_width_tablet=\u00bb90%\u00bb max_width_phone=\u00bb90%\u00bb max_width_last_edited=\u00bbon|phone\u00bb custom_padding=\u00bb|0px||0px|false|false\u00bb animation_direction=\u00bbbottom\u00bb global_colors_info=\u00bb{}\u00bb][et_pb_column type=\u00bb4_4&#8243; _builder_version=\u00bb4.16&#8243; custom_padding=\u00bb|||\u00bb global_colors_info=\u00bb{}\u00bb custom_padding__hover=\u00bb|||\u00bb][et_pb_text _builder_version=\u00bb4.27.4&#8243; text_font=\u00bbPoppins|700|||||||\u00bb text_text_color=\u00bb#002e5b\u00bb text_font_size=\u00bb47px\u00bb text_orientation=\u00bbcenter\u00bb custom_padding=\u00bb||37px||false|false\u00bb text_line_height_tablet=\u00bb\u00bb text_line_height_phone=\u00bb1.3em\u00bb text_line_height_last_edited=\u00bbon|phone\u00bb global_colors_info=\u00bb{}\u00bb]<\/p>\n<p>Nuestro Compromiso<\/p>\n<p>[\/et_pb_text][et_pb_text _builder_version=\u00bb4.27.4&#8243; text_font=\u00bbPoppins||||||||\u00bb text_text_color=\u00bb#707070&#8243; text_font_size=\u00bb21px\u00bb text_line_height=\u00bb2.1em\u00bb header_font=\u00bbPoppins||||||||\u00bb header_text_align=\u00bbleft\u00bb header_text_color=\u00bb#297FCA\u00bb header_font_size=\u00bb60px\u00bb text_orientation=\u00bbcenter\u00bb max_width=\u00bb63%\u00bb max_width_tablet=\u00bb90%\u00bb max_width_phone=\u00bb90%\u00bb max_width_last_edited=\u00bbon|desktop\u00bb module_alignment=\u00bbcenter\u00bb custom_margin=\u00bb-14px||\u00bb custom_padding=\u00bb|||3px\u00bb text_font_size_tablet=\u00bb21px\u00bb text_font_size_phone=\u00bb17px\u00bb text_font_size_last_edited=\u00bbon|phone\u00bb global_colors_info=\u00bb{}\u00bb]<\/p>\n<p>Cada proyecto lo desarrollamos con un enfoque en la <strong data-start=\"1886\" data-end=\"1927\">confiabilidad, seguridad y eficiencia<\/strong>, buscando ser un socio estrat\u00e9gico para las empresas que requieren <strong data-start=\"1995\" data-end=\"2023\">exactitud en la medici\u00f3n<\/strong> y <strong data-start=\"2026\" data-end=\"2052\">cumplimiento normativo<\/strong> en sus procesos.<\/p>\n<p>[\/et_pb_text][\/et_pb_column][\/et_pb_row][\/et_pb_section]<\/p>\n","protected":false},"excerpt":{"rendered":"<p>PLUSCAL INSTRUMENTSServicios especializadosen la calibraci\u00f3n de medida en situ, verificaci\u00f3n y validaci\u00f3nContamos con a\u00f1os de experiencia y empleamos\u00a0 equipos de referencia trazables\u00a0 de gran exactitud y precisi\u00f3n.Nuestro CompromisoCada proyecto lo desarrollamos con un enfoque en la confiabilidad, seguridad y eficiencia, buscando ser un socio estrat\u00e9gico para las empresas que requieren exactitud en la medici\u00f3n y [&hellip;]<\/p>\n","protected":false},"author":1,"featured_media":0,"parent":0,"menu_order":0,"comment_status":"closed","ping_status":"closed","template":"","meta":{"_et_pb_use_builder":"on","_et_pb_old_content":"","_et_gb_content_width":"","footnotes":""},"class_list":["post-23","page","type-page","status-publish","hentry"],"yoast_head":"<!-- This site is optimized with the Yoast SEO plugin v27.4 - https:\/\/yoast.com\/product\/yoast-seo-wordpress\/ -->\n<title>CONTACTO - Pluscal Instruments SL, servicios industriales<\/title>\n<meta name=\"robots\" content=\"index, follow, max-snippet:-1, max-image-preview:large, max-video-preview:-1\" \/>\n<link rel=\"canonical\" href=\"https:\/\/pluscal.eu\/index.php\/contacto\/\" \/>\n<meta property=\"og:locale\" content=\"es_ES\" \/>\n<meta property=\"og:type\" content=\"article\" \/>\n<meta property=\"og:title\" content=\"CONTACTO - Pluscal Instruments SL, servicios industriales\" \/>\n<meta property=\"og:description\" content=\"PLUSCAL INSTRUMENTSServicios especializadosen la calibraci\u00f3n de medida en situ, verificaci\u00f3n y validaci\u00f3nContamos con a\u00f1os de experiencia y empleamos\u00a0 equipos de referencia trazables\u00a0 de gran exactitud y precisi\u00f3n.Nuestro CompromisoCada proyecto lo desarrollamos con un enfoque en la confiabilidad, seguridad y eficiencia, buscando ser un socio estrat\u00e9gico para las empresas que requieren exactitud en la medici\u00f3n y [&hellip;]\" \/>\n<meta property=\"og:url\" content=\"https:\/\/pluscal.eu\/index.php\/contacto\/\" \/>\n<meta property=\"og:site_name\" content=\"Pluscal Instruments SL, servicios industriales\" \/>\n<meta property=\"article:modified_time\" content=\"2026-02-26T10:23:06+00:00\" \/>\n<meta name=\"twitter:card\" content=\"summary_large_image\" \/>\n<meta name=\"twitter:label1\" content=\"Tiempo de lectura\" \/>\n\t<meta name=\"twitter:data1\" content=\"1 minuto\" \/>\n<script type=\"application\/ld+json\" class=\"yoast-schema-graph\">{\"@context\":\"https:\\\/\\\/schema.org\",\"@graph\":[{\"@type\":\"WebPage\",\"@id\":\"https:\\\/\\\/pluscal.eu\\\/index.php\\\/contacto\\\/\",\"url\":\"https:\\\/\\\/pluscal.eu\\\/index.php\\\/contacto\\\/\",\"name\":\"CONTACTO - Pluscal Instruments SL, servicios industriales\",\"isPartOf\":{\"@id\":\"https:\\\/\\\/pluscal.eu\\\/#website\"},\"datePublished\":\"2025-09-22T15:18:13+00:00\",\"dateModified\":\"2026-02-26T10:23:06+00:00\",\"breadcrumb\":{\"@id\":\"https:\\\/\\\/pluscal.eu\\\/index.php\\\/contacto\\\/#breadcrumb\"},\"inLanguage\":\"es\",\"potentialAction\":[{\"@type\":\"ReadAction\",\"target\":[\"https:\\\/\\\/pluscal.eu\\\/index.php\\\/contacto\\\/\"]}]},{\"@type\":\"BreadcrumbList\",\"@id\":\"https:\\\/\\\/pluscal.eu\\\/index.php\\\/contacto\\\/#breadcrumb\",\"itemListElement\":[{\"@type\":\"ListItem\",\"position\":1,\"name\":\"Portada\",\"item\":\"https:\\\/\\\/pluscal.eu\\\/\"},{\"@type\":\"ListItem\",\"position\":2,\"name\":\"CONTACTO\"}]},{\"@type\":\"WebSite\",\"@id\":\"https:\\\/\\\/pluscal.eu\\\/#website\",\"url\":\"https:\\\/\\\/pluscal.eu\\\/\",\"name\":\"Pluscal Instruments SL, servicios industriales\",\"description\":\"Pluscal Instruments SL, Servicios Industriales\",\"publisher\":{\"@id\":\"https:\\\/\\\/pluscal.eu\\\/#organization\"},\"potentialAction\":[{\"@type\":\"SearchAction\",\"target\":{\"@type\":\"EntryPoint\",\"urlTemplate\":\"https:\\\/\\\/pluscal.eu\\\/?s={search_term_string}\"},\"query-input\":{\"@type\":\"PropertyValueSpecification\",\"valueRequired\":true,\"valueName\":\"search_term_string\"}}],\"inLanguage\":\"es\"},{\"@type\":\"Organization\",\"@id\":\"https:\\\/\\\/pluscal.eu\\\/#organization\",\"name\":\"Pluscal Instruments SL, servicios industriales\",\"url\":\"https:\\\/\\\/pluscal.eu\\\/\",\"logo\":{\"@type\":\"ImageObject\",\"inLanguage\":\"es\",\"@id\":\"https:\\\/\\\/pluscal.eu\\\/#\\\/schema\\\/logo\\\/image\\\/\",\"url\":\"https:\\\/\\\/pluscal.eu\\\/wp-content\\\/uploads\\\/2025\\\/09\\\/WhatsApp-Image-2025-09-04-at-14.48.30.jpeg\",\"contentUrl\":\"https:\\\/\\\/pluscal.eu\\\/wp-content\\\/uploads\\\/2025\\\/09\\\/WhatsApp-Image-2025-09-04-at-14.48.30.jpeg\",\"width\":1536,\"height\":1024,\"caption\":\"Pluscal Instruments SL, servicios industriales\"},\"image\":{\"@id\":\"https:\\\/\\\/pluscal.eu\\\/#\\\/schema\\\/logo\\\/image\\\/\"}}]}<\/script>\n<!-- \/ Yoast SEO plugin. -->","yoast_head_json":{"title":"CONTACTO - Pluscal Instruments SL, servicios industriales","robots":{"index":"index","follow":"follow","max-snippet":"max-snippet:-1","max-image-preview":"max-image-preview:large","max-video-preview":"max-video-preview:-1"},"canonical":"https:\/\/pluscal.eu\/index.php\/contacto\/","og_locale":"es_ES","og_type":"article","og_title":"CONTACTO - Pluscal Instruments SL, servicios industriales","og_description":"PLUSCAL INSTRUMENTSServicios especializadosen la calibraci\u00f3n de medida en situ, verificaci\u00f3n y validaci\u00f3nContamos con a\u00f1os de experiencia y empleamos\u00a0 equipos de referencia trazables\u00a0 de gran exactitud y precisi\u00f3n.Nuestro CompromisoCada proyecto lo desarrollamos con un enfoque en la confiabilidad, seguridad y eficiencia, buscando ser un socio estrat\u00e9gico para las empresas que requieren exactitud en la medici\u00f3n y [&hellip;]","og_url":"https:\/\/pluscal.eu\/index.php\/contacto\/","og_site_name":"Pluscal Instruments SL, servicios industriales","article_modified_time":"2026-02-26T10:23:06+00:00","twitter_card":"summary_large_image","twitter_misc":{"Tiempo de lectura":"1 minuto"},"schema":{"@context":"https:\/\/schema.org","@graph":[{"@type":"WebPage","@id":"https:\/\/pluscal.eu\/index.php\/contacto\/","url":"https:\/\/pluscal.eu\/index.php\/contacto\/","name":"CONTACTO - Pluscal Instruments SL, servicios industriales","isPartOf":{"@id":"https:\/\/pluscal.eu\/#website"},"datePublished":"2025-09-22T15:18:13+00:00","dateModified":"2026-02-26T10:23:06+00:00","breadcrumb":{"@id":"https:\/\/pluscal.eu\/index.php\/contacto\/#breadcrumb"},"inLanguage":"es","potentialAction":[{"@type":"ReadAction","target":["https:\/\/pluscal.eu\/index.php\/contacto\/"]}]},{"@type":"BreadcrumbList","@id":"https:\/\/pluscal.eu\/index.php\/contacto\/#breadcrumb","itemListElement":[{"@type":"ListItem","position":1,"name":"Portada","item":"https:\/\/pluscal.eu\/"},{"@type":"ListItem","position":2,"name":"CONTACTO"}]},{"@type":"WebSite","@id":"https:\/\/pluscal.eu\/#website","url":"https:\/\/pluscal.eu\/","name":"Pluscal Instruments SL, servicios industriales","description":"Pluscal Instruments SL, Servicios Industriales","publisher":{"@id":"https:\/\/pluscal.eu\/#organization"},"potentialAction":[{"@type":"SearchAction","target":{"@type":"EntryPoint","urlTemplate":"https:\/\/pluscal.eu\/?s={search_term_string}"},"query-input":{"@type":"PropertyValueSpecification","valueRequired":true,"valueName":"search_term_string"}}],"inLanguage":"es"},{"@type":"Organization","@id":"https:\/\/pluscal.eu\/#organization","name":"Pluscal Instruments SL, servicios industriales","url":"https:\/\/pluscal.eu\/","logo":{"@type":"ImageObject","inLanguage":"es","@id":"https:\/\/pluscal.eu\/#\/schema\/logo\/image\/","url":"https:\/\/pluscal.eu\/wp-content\/uploads\/2025\/09\/WhatsApp-Image-2025-09-04-at-14.48.30.jpeg","contentUrl":"https:\/\/pluscal.eu\/wp-content\/uploads\/2025\/09\/WhatsApp-Image-2025-09-04-at-14.48.30.jpeg","width":1536,"height":1024,"caption":"Pluscal Instruments SL, servicios industriales"},"image":{"@id":"https:\/\/pluscal.eu\/#\/schema\/logo\/image\/"}}]}},"_links":{"self":[{"href":"https:\/\/pluscal.eu\/index.php\/wp-json\/wp\/v2\/pages\/23","targetHints":{"allow":["GET"]}}],"collection":[{"href":"https:\/\/pluscal.eu\/index.php\/wp-json\/wp\/v2\/pages"}],"about":[{"href":"https:\/\/pluscal.eu\/index.php\/wp-json\/wp\/v2\/types\/page"}],"author":[{"embeddable":true,"href":"https:\/\/pluscal.eu\/index.php\/wp-json\/wp\/v2\/users\/1"}],"replies":[{"embeddable":true,"href":"https:\/\/pluscal.eu\/index.php\/wp-json\/wp\/v2\/comments?post=23"}],"version-history":[{"count":1,"href":"https:\/\/pluscal.eu\/index.php\/wp-json\/wp\/v2\/pages\/23\/revisions"}],"predecessor-version":[{"id":237,"href":"https:\/\/pluscal.eu\/index.php\/wp-json\/wp\/v2\/pages\/23\/revisions\/237"}],"wp:attachment":[{"href":"https:\/\/pluscal.eu\/index.php\/wp-json\/wp\/v2\/media?parent=23"}],"curies":[{"name":"wp","href":"https:\/\/api.w.org\/{rel}","templated":true}]}}